{"id":3437,"date":"2022-07-28T17:59:43","date_gmt":"2022-07-28T15:59:43","guid":{"rendered":"https:\/\/www.fertival.fr\/avantages-agronomiques\/"},"modified":"2024-02-15T16:25:01","modified_gmt":"2024-02-15T15:25:01","slug":"benefici-agronomici","status":"publish","type":"page","link":"https:\/\/www.fertival.fr\/it\/benefici-agronomici\/","title":{"rendered":"Benefici agronomici"},"content":{"rendered":"\t\t<div data-elementor-type=\"wp-page\" data-elementor-id=\"3437\" class=\"elementor elementor-3437 elementor-253\" data-elementor-settings=\"{&quot;element_pack_global_tooltip_width&quot;:{&quot;unit&quot;:&quot;px&quot;,&quot;size&quot;:&quot;&quot;,&quot;sizes&quot;:[]},&quot;element_pack_global_tooltip_width_tablet&quot;:{&quot;unit&quot;:&quot;px&quot;,&quot;size&quot;:&quot;&quot;,&quot;sizes&quot;:[]},&quot;element_pack_global_tooltip_width_mobile&quot;:{&quot;unit&quot;:&quot;px&quot;,&quot;size&quot;:&quot;&quot;,&quot;sizes&quot;:[]},&quot;element_pack_global_tooltip_padding&quot;:{&quot;unit&quot;:&quot;px&quot;,&quot;top&quot;:&quot;&quot;,&quot;right&quot;:&quot;&quot;,&quot;bottom&quot;:&quot;&quot;,&quot;left&quot;:&quot;&quot;,&quot;isLinked&quot;:true},&quot;element_pack_global_tooltip_padding_tablet&quot;:{&quot;unit&quot;:&quot;px&quot;,&quot;top&quot;:&quot;&quot;,&quot;right&quot;:&quot;&quot;,&quot;bottom&quot;:&quot;&quot;,&quot;left&quot;:&quot;&quot;,&quot;isLinked&quot;:true},&quot;element_pack_global_tooltip_padding_mobile&quot;:{&quot;unit&quot;:&quot;px&quot;,&quot;top&quot;:&quot;&quot;,&quot;right&quot;:&quot;&quot;,&quot;bottom&quot;:&quot;&quot;,&quot;left&quot;:&quot;&quot;,&quot;isLinked&quot;:true},&quot;element_pack_global_tooltip_border_radius&quot;:{&quot;unit&quot;:&quot;px&quot;,&quot;top&quot;:&quot;&quot;,&quot;right&quot;:&quot;&quot;,&quot;bottom&quot;:&quot;&quot;,&quot;left&quot;:&quot;&quot;,&quot;isLinked&quot;:true},&quot;element_pack_global_tooltip_border_radius_tablet&quot;:{&quot;unit&quot;:&quot;px&quot;,&quot;top&quot;:&quot;&quot;,&quot;right&quot;:&quot;&quot;,&quot;bottom&quot;:&quot;&quot;,&quot;left&quot;:&quot;&quot;,&quot;isLinked&quot;:true},&quot;element_pack_global_tooltip_border_radius_mobile&quot;:{&quot;unit&quot;:&quot;px&quot;,&quot;top&quot;:&quot;&quot;,&quot;right&quot;:&quot;&quot;,&quot;bottom&quot;:&quot;&quot;,&quot;left&quot;:&quot;&quot;,&quot;isLinked&quot;:true}}\" data-elementor-post-type=\"page\">\n\t\t\t\t\t\t<section class=\"elementor-section elementor-top-section elementor-element elementor-element-fe89427 elementor-section-full_width elementor-section-height-default elementor-section-height-default\" data-id=\"fe89427\" data-element_type=\"section\" data-e-type=\"section\">\n\t\t\t\t\t\t<div class=\"elementor-container elementor-column-gap-default\">\n\t\t\t\t\t<div class=\"elementor-column elementor-col-100 elementor-top-column elementor-element elementor-element-6d05135\" data-id=\"6d05135\" data-element_type=\"column\" data-e-type=\"column\">\n\t\t\t<div class=\"elementor-widget-wrap elementor-element-populated\">\n\t\t\t\t\t\t<section class=\"elementor-section elementor-inner-section elementor-element elementor-element-76b8fab elementor-section-boxed elementor-section-height-default elementor-section-height-default\" data-id=\"76b8fab\" data-element_type=\"section\" data-e-type=\"section\">\n\t\t\t\t\t\t<div class=\"elementor-container elementor-column-gap-default\">\n\t\t\t\t\t<div class=\"elementor-column elementor-col-50 elementor-inner-column elementor-element elementor-element-c3cafdb\" data-id=\"c3cafdb\" data-element_type=\"column\" data-e-type=\"column\">\n\t\t\t<div class=\"elementor-widget-wrap elementor-element-populated\">\n\t\t\t\t\t\t<div class=\"elementor-element elementor-element-6368804 elementor-widget elementor-widget-heading\" data-id=\"6368804\" data-element_type=\"widget\" data-e-type=\"widget\" data-widget_type=\"heading.default\">\n\t\t\t\t<div class=\"elementor-widget-container\">\n\t\t\t\t\t<h2 class=\"elementor-heading-title elementor-size-default\">Prime proprie di Cooperl<\/h2>\t\t\t\t<\/div>\n\t\t\t\t<\/div>\n\t\t\t\t<div class=\"elementor-element elementor-element-14663c1 elementor-widget elementor-widget-text-editor\" data-id=\"14663c1\" data-element_type=\"widget\" data-e-type=\"widget\" data-widget_type=\"text-editor.default\">\n\t\t\t\t<div class=\"elementor-widget-container\">\n\t\t\t\t\t\t\t\t\t<p>Attraverso questo modello di economia circolare, Fertival utilizza la materia organica di origine suina dei soci della Cooperl, che offre diversi vantaggi ai concimi progettati da Fertival:<\/p><ul><li style=\"font-weight: 400;\" aria-level=\"1\"><span style=\"font-weight: 400;\">Una frazione bilanciata di cellulosa, emicellulosa e lignina, che favorisce la capacit\u00e0 di generare humus a lungo termine<\/span><\/li><li style=\"font-weight: 400;\" aria-level=\"1\"><span style=\"font-weight: 400;\">Omogeneit\u00e0 della materia organica suina proveniente dagli agricoltori della nostra cooperativa<\/span><\/li><li style=\"font-weight: 400;\" aria-level=\"1\"><span style=\"font-weight: 400;\">Mineralizzazione dell\u2019azoto lenta e regolare per una nutrizione ottimale delle colture e un minor numero di applicazioni di concimi<\/span><\/li><li style=\"font-weight: 400;\" aria-level=\"1\"><span style=\"font-weight: 400;\">Mineralizzazione lenta e regolare del carbonio per contribuire alla creazione di humus nel terreno.<\/span><\/li><li style=\"font-weight: 400;\" aria-level=\"1\"><span style=\"font-weight: 400;\">Un rapporto C\/N (Carbonio\/Azoto) ottimizzato per una buona reattivit\u00e0 del prodotto<\/span><\/li><\/ul><p><span style=\"font-weight: 400;\">I nostri concimi si basano su due principali materie prime interne: Vigalor e Orgatrac. Entrambi sono composti da materia organica coltivata, ma i loro metodi di estrazione e lavorazione sono diversi.<\/span><\/p>\t\t\t\t\t\t\t\t<\/div>\n\t\t\t\t<\/div>\n\t\t\t\t<div class=\"elementor-element elementor-element-328da65 elementor-widget elementor-widget-toggle\" data-id=\"328da65\" data-element_type=\"widget\" data-e-type=\"widget\" data-widget_type=\"toggle.default\">\n\t\t\t\t<div class=\"elementor-widget-container\">\n\t\t\t\t\t\t\t<div class=\"elementor-toggle\">\n\t\t\t\t\t\t\t<div class=\"elementor-toggle-item\">\n\t\t\t\t\t<div id=\"elementor-tab-title-5301\" class=\"elementor-tab-title\" data-tab=\"1\" role=\"button\" aria-controls=\"elementor-tab-content-5301\" aria-expanded=\"false\">\n\t\t\t\t\t\t\t\t\t\t\t\t<span class=\"elementor-toggle-icon elementor-toggle-icon-left\" aria-hidden=\"true\">\n\t\t\t\t\t\t\t\t\t\t\t\t\t\t\t<span class=\"elementor-toggle-icon-closed\"><i class=\"fas fa-caret-right\"><\/i><\/span>\n\t\t\t\t\t\t\t\t<span class=\"elementor-toggle-icon-opened\"><i class=\"elementor-toggle-icon-opened fas fa-caret-up\"><\/i><\/span>\n\t\t\t\t\t\t\t\t\t\t\t\t\t<\/span>\n\t\t\t\t\t\t\t\t\t\t\t\t<a class=\"elementor-toggle-title\" tabindex=\"0\">Vigalor<\/a>\n\t\t\t\t\t<\/div>\n\n\t\t\t\t\t<div id=\"elementor-tab-content-5301\" class=\"elementor-tab-content elementor-clearfix\" data-tab=\"1\" role=\"region\" aria-labelledby=\"elementor-tab-title-5301\"><p><img fetchpriority=\"high\" decoding=\"async\" class=\"alignleft wp-image-496 size-medium\" src=\"http:\/\/www.fertival.fr\/public\/uploads\/2022\/08\/AVANTAGES-4_4-Vigalor-300x212.png\" alt=\"Vigalor\" width=\"300\" height=\"212\" srcset=\"https:\/\/www.fertival.fr\/public\/uploads\/2022\/08\/AVANTAGES-4_4-Vigalor-300x212.png 300w, https:\/\/www.fertival.fr\/public\/uploads\/2022\/08\/AVANTAGES-4_4-Vigalor.png 533w\" sizes=\"(max-width: 300px) 100vw, 300px\" \/><\/p><p>Vigalor \u00e8 la materia prima storica proveniente dagli impianti di raccolta e trattamento biologico della materia organica suina, situati proprio accanto ai capannoni di allevamento. Dopo la separazione delle fasi e una reazione batterica, l&#8217;agricoltore recupera la parte liquida per irrigare i suoi terreni, mentre la frazione solida viene trasferita al nostro Centro di recupero di Lamballe.<\/p><\/div>\n\t\t\t\t<\/div>\n\t\t\t\t\t\t\t<div class=\"elementor-toggle-item\">\n\t\t\t\t\t<div id=\"elementor-tab-title-5302\" class=\"elementor-tab-title\" data-tab=\"2\" role=\"button\" aria-controls=\"elementor-tab-content-5302\" aria-expanded=\"false\">\n\t\t\t\t\t\t\t\t\t\t\t\t<span class=\"elementor-toggle-icon elementor-toggle-icon-left\" aria-hidden=\"true\">\n\t\t\t\t\t\t\t\t\t\t\t\t\t\t\t<span class=\"elementor-toggle-icon-closed\"><i class=\"fas fa-caret-right\"><\/i><\/span>\n\t\t\t\t\t\t\t\t<span class=\"elementor-toggle-icon-opened\"><i class=\"elementor-toggle-icon-opened fas fa-caret-up\"><\/i><\/span>\n\t\t\t\t\t\t\t\t\t\t\t\t\t<\/span>\n\t\t\t\t\t\t\t\t\t\t\t\t<a class=\"elementor-toggle-title\" tabindex=\"0\">Orgatrac<\/a>\n\t\t\t\t\t<\/div>\n\n\t\t\t\t\t<div id=\"elementor-tab-content-5302\" class=\"elementor-tab-content elementor-clearfix\" data-tab=\"2\" role=\"region\" aria-labelledby=\"elementor-tab-title-5302\"><p><img decoding=\"async\" class=\"size-medium wp-image-497 alignleft\" src=\"http:\/\/www.fertival.fr\/public\/uploads\/2022\/08\/AVANTAGES-3_4-orgatrac-300x212.png\" alt=\"\" width=\"300\" height=\"212\" srcset=\"https:\/\/www.fertival.fr\/public\/uploads\/2022\/08\/AVANTAGES-3_4-orgatrac-300x212.png 300w, https:\/\/www.fertival.fr\/public\/uploads\/2022\/08\/AVANTAGES-3_4-orgatrac.png 594w\" sizes=\"(max-width: 300px) 100vw, 300px\" \/><\/p><p>Orgatrac proviene dal digestato prodotto dal pi\u00f9 grande metanizzatore senza spandimento d&#8217;Europa, costruito da Cooperl nel 2019. Questo strumento \u00e8 alimentato dalla materia organica raccolta con un rivoluzionario strumento robotizzato installato negli edifici zootecnici, chiamato TRAC. Questo moderno sistema offre numerosi vantaggi ambientali, zootecnici e sanitari. TRAC \u00e8 una tecnologia di raschiatura a V che separa le frazioni liquide e solide. La parte liquida viene utilizzata per la concimazione sui terreni agricoli. La frazione solida concentra il 90% del fosforo e il 55% dell\u2019azoto scaricati dai suini e viene trasportata al metanizzatore Emeraude Bio-\u00e9nergie della Cooperl. La metanizzazione \u00e8 un processo biologico che scompone la materia organica per produrre biogas, che viene immesso nella rete del GRDF che alimenta la citt\u00e0 di Lamballe. La particolarit\u00e0 del modello \u00e8 quella di recuperare tutto il digestato per essiccarlo, normalizzarlo e non spargerlo, e ottenere il nostro Orgatrac.<\/p><\/div>\n\t\t\t\t<\/div>\n\t\t\t\t\t\t\t\t<\/div>\n\t\t\t\t\t\t<\/div>\n\t\t\t\t<\/div>\n\t\t\t\t\t<\/div>\n\t\t<\/div>\n\t\t\t\t<div class=\"elementor-column elementor-col-50 elementor-inner-column elementor-element elementor-element-5af67ee\" data-id=\"5af67ee\" data-element_type=\"column\" data-e-type=\"column\">\n\t\t\t<div class=\"elementor-widget-wrap elementor-element-populated\">\n\t\t\t\t\t\t<div class=\"elementor-element elementor-element-18f732f elementor-widget elementor-widget-image\" data-id=\"18f732f\" data-element_type=\"widget\" data-e-type=\"widget\" data-widget_type=\"image.default\">\n\t\t\t\t<div class=\"elementor-widget-container\">\n\t\t\t\t\t\t\t\t\t\t\t\t\t\t\t<img decoding=\"async\" width=\"1024\" height=\"779\" src=\"https:\/\/www.fertival.fr\/public\/uploads\/2022\/10\/SCHEMA-6-1024x779.png\" class=\"attachment-large size-large wp-image-3304\" alt=\"\" srcset=\"https:\/\/www.fertival.fr\/public\/uploads\/2022\/10\/SCHEMA-6-1024x779.png 1024w, https:\/\/www.fertival.fr\/public\/uploads\/2022\/10\/SCHEMA-6-300x228.png 300w, https:\/\/www.fertival.fr\/public\/uploads\/2022\/10\/SCHEMA-6-768x584.png 768w, https:\/\/www.fertival.fr\/public\/uploads\/2022\/10\/SCHEMA-6-1536x1168.png 1536w, https:\/\/www.fertival.fr\/public\/uploads\/2022\/10\/SCHEMA-6-2048x1558.png 2048w\" sizes=\"(max-width: 1024px) 100vw, 1024px\" \/>\t\t\t\t\t\t\t\t\t\t\t\t\t\t\t<\/div>\n\t\t\t\t<\/div>\n\t\t\t\t<div class=\"elementor-element elementor-element-7ea1d10 elementor-widget elementor-widget-text-editor\" data-id=\"7ea1d10\" data-element_type=\"widget\" data-e-type=\"widget\" data-widget_type=\"text-editor.default\">\n\t\t\t\t<div class=\"elementor-widget-container\">\n\t\t\t\t\t\t\t\t\t<p>Questi due materiali vengono poi essiccati e igienizzati utilizzando energia rinnovabile prodotta direttamente nel Centro di recupero. Questa fase di essiccazione minimizza anche il volume del materiale trasportato, limitando cos\u00ec il trasporto al sito di formulazione di Quintenic, a pochi chilometri da Lamballe.<\/p>\t\t\t\t\t\t\t\t<\/div>\n\t\t\t\t<\/div>\n\t\t\t\t\t<\/div>\n\t\t<\/div>\n\t\t\t\t\t<\/div>\n\t\t<\/section>\n\t\t\t\t\t<\/div>\n\t\t<\/div>\n\t\t\t\t\t<\/div>\n\t\t<\/section>\n\t\t\t\t<section class=\"elementor-section elementor-top-section elementor-element elementor-element-2a45fd5 elementor-section-full_width fond_gris elementor-section-height-default elementor-section-height-default\" data-id=\"2a45fd5\" data-element_type=\"section\" data-e-type=\"section\">\n\t\t\t\t\t\t<div class=\"elementor-container elementor-column-gap-default\">\n\t\t\t\t\t<div class=\"elementor-column elementor-col-100 elementor-top-column elementor-element elementor-element-8823b06\" data-id=\"8823b06\" data-element_type=\"column\" data-e-type=\"column\">\n\t\t\t<div class=\"elementor-widget-wrap elementor-element-populated\">\n\t\t\t\t\t\t<section class=\"elementor-section elementor-inner-section elementor-element elementor-element-a824d26 block_txt_img elementor-section-boxed elementor-section-height-default elementor-section-height-default\" data-id=\"a824d26\" data-element_type=\"section\" data-e-type=\"section\">\n\t\t\t\t\t\t<div class=\"elementor-container elementor-column-gap-default\">\n\t\t\t\t\t<div class=\"elementor-column elementor-col-50 elementor-inner-column elementor-element elementor-element-05af077 block_txt\" data-id=\"05af077\" data-element_type=\"column\" data-e-type=\"column\">\n\t\t\t<div class=\"elementor-widget-wrap elementor-element-populated\">\n\t\t\t\t\t\t<div class=\"elementor-element elementor-element-095895b elementor-widget elementor-widget-heading\" data-id=\"095895b\" data-element_type=\"widget\" data-e-type=\"widget\" data-widget_type=\"heading.default\">\n\t\t\t\t<div class=\"elementor-widget-container\">\n\t\t\t\t\t<h2 class=\"elementor-heading-title elementor-size-default\">Il ciclo dell'azoto<\/h2>\t\t\t\t<\/div>\n\t\t\t\t<\/div>\n\t\t\t\t<div class=\"elementor-element elementor-element-1c5acf8 elementor-widget elementor-widget-text-editor\" data-id=\"1c5acf8\" data-element_type=\"widget\" data-e-type=\"widget\" data-widget_type=\"text-editor.default\">\n\t\t\t\t<div class=\"elementor-widget-container\">\n\t\t\t\t\t\t\t\t\t<p><span style=\"font-weight: 400;\">Il ciclo dell&#8217;azoto \u00e8 un ciclo biogeochimico in cui l\u2019azoto presente nei concimi organici subisce trasformazioni nel suolo per essere assimilato dalle piante:<\/span><\/p><ul><li style=\"font-weight: 400;\" aria-level=\"1\"><span style=\"font-weight: 400;\">Il processo di mineralizzazione trasforma l\u2019humus in materia minerale grazie ai microrganismi.<\/span><\/li><li style=\"font-weight: 400;\" aria-level=\"1\"><span style=\"font-weight: 400;\">La nitri\ufb01cazione \u00e8 una fase fondamentale in cui i batteri del suolo trasformano l&#8217;ammoniaca in nitrito NO2- e poi il nitrito in nitrato NO3-, una forma di azoto assimilabile dalle piante.<\/span><\/li><li style=\"font-weight: 400;\" aria-level=\"1\"><span style=\"font-weight: 400;\">La denitrificazione si verifica quando i microrganismi mancano di ossigeno. I batteri presenti nel terreno convertono il nitrato in azoto gassoso (N2) e lo rilasciano nell\u2019atmosfera.<\/span><\/li><li style=\"font-weight: 400;\" aria-level=\"1\"><span style=\"font-weight: 400;\">Il processo di lisciviazione si riferisce alla perdita di nutrienti idrosolubili disciolti e trasportati dall\u2019acqua di ruscellamento.<\/span><\/li><\/ul>\t\t\t\t\t\t\t\t<\/div>\n\t\t\t\t<\/div>\n\t\t\t\t\t<\/div>\n\t\t<\/div>\n\t\t\t\t<div class=\"elementor-column elementor-col-50 elementor-inner-column elementor-element elementor-element-5eb473e block_img contain\" data-id=\"5eb473e\" data-element_type=\"column\" data-e-type=\"column\">\n\t\t\t<div class=\"elementor-widget-wrap elementor-element-populated\">\n\t\t\t\t\t\t<div class=\"elementor-element elementor-element-98483d0 elementor-widget elementor-widget-image\" data-id=\"98483d0\" data-element_type=\"widget\" data-e-type=\"widget\" data-widget_type=\"image.default\">\n\t\t\t\t<div class=\"elementor-widget-container\">\n\t\t\t\t\t\t\t\t\t\t\t\t\t\t\t<img loading=\"lazy\" decoding=\"async\" width=\"1024\" height=\"779\" src=\"https:\/\/www.fertival.fr\/public\/uploads\/2022\/10\/SCHEMA-1-V2-1-1024x779.png\" class=\"attachment-large size-large wp-image-3303\" alt=\"\" srcset=\"https:\/\/www.fertival.fr\/public\/uploads\/2022\/10\/SCHEMA-1-V2-1-1024x779.png 1024w, https:\/\/www.fertival.fr\/public\/uploads\/2022\/10\/SCHEMA-1-V2-1-300x228.png 300w, https:\/\/www.fertival.fr\/public\/uploads\/2022\/10\/SCHEMA-1-V2-1-768x584.png 768w, https:\/\/www.fertival.fr\/public\/uploads\/2022\/10\/SCHEMA-1-V2-1-1536x1168.png 1536w, https:\/\/www.fertival.fr\/public\/uploads\/2022\/10\/SCHEMA-1-V2-1-2048x1558.png 2048w\" sizes=\"(max-width: 1024px) 100vw, 1024px\" \/>\t\t\t\t\t\t\t\t\t\t\t\t\t\t\t<\/div>\n\t\t\t\t<\/div>\n\t\t\t\t\t<\/div>\n\t\t<\/div>\n\t\t\t\t\t<\/div>\n\t\t<\/section>\n\t\t\t\t\t<\/div>\n\t\t<\/div>\n\t\t\t\t\t<\/div>\n\t\t<\/section>\n\t\t\t\t<section class=\"elementor-section elementor-top-section elementor-element elementor-element-1391f63 elementor-section-full_width feuilles elementor-section-height-default elementor-section-height-default\" data-id=\"1391f63\" data-element_type=\"section\" data-e-type=\"section\">\n\t\t\t\t\t\t<div class=\"elementor-container elementor-column-gap-default\">\n\t\t\t\t\t<div class=\"elementor-column elementor-col-100 elementor-top-column elementor-element elementor-element-2f8373f\" data-id=\"2f8373f\" data-element_type=\"column\" data-e-type=\"column\">\n\t\t\t<div class=\"elementor-widget-wrap elementor-element-populated\">\n\t\t\t\t\t\t<section class=\"elementor-section elementor-inner-section elementor-element elementor-element-3f03e40 block_txt_img elementor-section-boxed elementor-section-height-default elementor-section-height-default\" data-id=\"3f03e40\" data-element_type=\"section\" data-e-type=\"section\">\n\t\t\t\t\t\t<div class=\"elementor-container elementor-column-gap-default\">\n\t\t\t\t\t<div class=\"elementor-column elementor-col-50 elementor-inner-column elementor-element elementor-element-edc5515 block_img contain\" data-id=\"edc5515\" data-element_type=\"column\" data-e-type=\"column\">\n\t\t\t<div class=\"elementor-widget-wrap elementor-element-populated\">\n\t\t\t\t\t\t<div class=\"elementor-element elementor-element-1476bd0 elementor-widget elementor-widget-image\" data-id=\"1476bd0\" data-element_type=\"widget\" data-e-type=\"widget\" data-widget_type=\"image.default\">\n\t\t\t\t<div class=\"elementor-widget-container\">\n\t\t\t\t\t\t\t\t\t\t\t\t\t\t\t<img loading=\"lazy\" decoding=\"async\" width=\"533\" height=\"631\" src=\"https:\/\/www.fertival.fr\/public\/uploads\/2022\/08\/AVANTAGES-1_4.png\" class=\"attachment-full size-full wp-image-3281\" alt=\"\" srcset=\"https:\/\/www.fertival.fr\/public\/uploads\/2022\/08\/AVANTAGES-1_4.png 533w, https:\/\/www.fertival.fr\/public\/uploads\/2022\/08\/AVANTAGES-1_4-253x300.png 253w\" sizes=\"(max-width: 533px) 100vw, 533px\" \/>\t\t\t\t\t\t\t\t\t\t\t\t\t\t\t<\/div>\n\t\t\t\t<\/div>\n\t\t\t\t\t<\/div>\n\t\t<\/div>\n\t\t\t\t<div class=\"elementor-column elementor-col-50 elementor-inner-column elementor-element elementor-element-db5c981 block_txt\" data-id=\"db5c981\" data-element_type=\"column\" data-e-type=\"column\">\n\t\t\t<div class=\"elementor-widget-wrap elementor-element-populated\">\n\t\t\t\t\t\t<div class=\"elementor-element elementor-element-df1f67f elementor-widget elementor-widget-heading\" data-id=\"df1f67f\" data-element_type=\"widget\" data-e-type=\"widget\" data-widget_type=\"heading.default\">\n\t\t\t\t<div class=\"elementor-widget-container\">\n\t\t\t\t\t<h2 class=\"elementor-heading-title elementor-size-default\">Materie prime <span>esterne<\/span><\/h2>\t\t\t\t<\/div>\n\t\t\t\t<\/div>\n\t\t\t\t<div class=\"elementor-element elementor-element-23db538 elementor-widget elementor-widget-text-editor\" data-id=\"23db538\" data-element_type=\"widget\" data-e-type=\"widget\" data-widget_type=\"text-editor.default\">\n\t\t\t\t<div class=\"elementor-widget-container\">\n\t\t\t\t\t\t\t\t\t<p><span style=\"font-weight: 400;\">Per ottimizzare il processo di granulazione e offrirvi prodotti su misura per le esigenze specifiche delle vostre colture, aggiungiamo alle nostre formule sostanze organiche o minerali provenienti dall\u2019esterno della Cooperl. Pu\u00f2 trattarsi di polpa d&#8217;uva, escrementi di pollame, compost verde od oligoelementi. <\/span><\/p><p><span style=\"font-weight: 400;\">Soprattutto, scegliamo la qualit\u00e0 e la vicinanza di questi materiali per offrirvi un prodotto che soddisfi i requisiti nutrizionali che state cercando.<\/span><\/p>\t\t\t\t\t\t\t\t<\/div>\n\t\t\t\t<\/div>\n\t\t\t\t\t<\/div>\n\t\t<\/div>\n\t\t\t\t\t<\/div>\n\t\t<\/section>\n\t\t\t\t\t<\/div>\n\t\t<\/div>\n\t\t\t\t\t<\/div>\n\t\t<\/section>\n\t\t\t\t<\/div>\n\t\t","protected":false},"excerpt":{"rendered":"<p>Prime proprie di Cooperl Attraverso questo modello di economia circolare, Fertival utilizza la materia organica di origine suina dei soci della Cooperl, che offre diversi vantaggi ai concimi progettati da Fertival: Una frazione bilanciata di [&hellip;]<\/p>\n","protected":false},"author":1,"featured_media":0,"parent":0,"menu_order":0,"comment_status":"closed","ping_status":"closed","template":"","meta":{"footnotes":""},"class_list":["post-3437","page","type-page","status-publish","hentry","wpbf-post"],"_links":{"self":[{"href":"https:\/\/www.fertival.fr\/it\/wp-json\/wp\/v2\/pages\/3437","targetHints":{"allow":["GET"]}}],"collection":[{"href":"https:\/\/www.fertival.fr\/it\/wp-json\/wp\/v2\/pages"}],"about":[{"href":"https:\/\/www.fertival.fr\/it\/wp-json\/wp\/v2\/types\/page"}],"author":[{"embeddable":true,"href":"https:\/\/www.fertival.fr\/it\/wp-json\/wp\/v2\/users\/1"}],"replies":[{"embeddable":true,"href":"https:\/\/www.fertival.fr\/it\/wp-json\/wp\/v2\/comments?post=3437"}],"version-history":[{"count":20,"href":"https:\/\/www.fertival.fr\/it\/wp-json\/wp\/v2\/pages\/3437\/revisions"}],"predecessor-version":[{"id":4268,"href":"https:\/\/www.fertival.fr\/it\/wp-json\/wp\/v2\/pages\/3437\/revisions\/4268"}],"wp:attachment":[{"href":"https:\/\/www.fertival.fr\/it\/wp-json\/wp\/v2\/media?parent=3437"}],"curies":[{"name":"wp","href":"https:\/\/api.w.org\/{rel}","templated":true}]}}