{"id":3428,"date":"2022-07-28T17:58:40","date_gmt":"2022-07-28T15:58:40","guid":{"rendered":"https:\/\/www.fertival.fr\/logistique-et-stockage\/"},"modified":"2024-02-19T16:21:20","modified_gmt":"2024-02-19T15:21:20","slug":"logisitca-e-stoccaggio","status":"publish","type":"page","link":"https:\/\/www.fertival.fr\/it\/logisitca-e-stoccaggio\/","title":{"rendered":"Logisitca e stoccaggio"},"content":{"rendered":"\t\t<div data-elementor-type=\"wp-page\" data-elementor-id=\"3428\" class=\"elementor elementor-3428 elementor-247\" data-elementor-settings=\"{&quot;element_pack_global_tooltip_width&quot;:{&quot;unit&quot;:&quot;px&quot;,&quot;size&quot;:&quot;&quot;,&quot;sizes&quot;:[]},&quot;element_pack_global_tooltip_width_tablet&quot;:{&quot;unit&quot;:&quot;px&quot;,&quot;size&quot;:&quot;&quot;,&quot;sizes&quot;:[]},&quot;element_pack_global_tooltip_width_mobile&quot;:{&quot;unit&quot;:&quot;px&quot;,&quot;size&quot;:&quot;&quot;,&quot;sizes&quot;:[]},&quot;element_pack_global_tooltip_padding&quot;:{&quot;unit&quot;:&quot;px&quot;,&quot;top&quot;:&quot;&quot;,&quot;right&quot;:&quot;&quot;,&quot;bottom&quot;:&quot;&quot;,&quot;left&quot;:&quot;&quot;,&quot;isLinked&quot;:true},&quot;element_pack_global_tooltip_padding_tablet&quot;:{&quot;unit&quot;:&quot;px&quot;,&quot;top&quot;:&quot;&quot;,&quot;right&quot;:&quot;&quot;,&quot;bottom&quot;:&quot;&quot;,&quot;left&quot;:&quot;&quot;,&quot;isLinked&quot;:true},&quot;element_pack_global_tooltip_padding_mobile&quot;:{&quot;unit&quot;:&quot;px&quot;,&quot;top&quot;:&quot;&quot;,&quot;right&quot;:&quot;&quot;,&quot;bottom&quot;:&quot;&quot;,&quot;left&quot;:&quot;&quot;,&quot;isLinked&quot;:true},&quot;element_pack_global_tooltip_border_radius&quot;:{&quot;unit&quot;:&quot;px&quot;,&quot;top&quot;:&quot;&quot;,&quot;right&quot;:&quot;&quot;,&quot;bottom&quot;:&quot;&quot;,&quot;left&quot;:&quot;&quot;,&quot;isLinked&quot;:true},&quot;element_pack_global_tooltip_border_radius_tablet&quot;:{&quot;unit&quot;:&quot;px&quot;,&quot;top&quot;:&quot;&quot;,&quot;right&quot;:&quot;&quot;,&quot;bottom&quot;:&quot;&quot;,&quot;left&quot;:&quot;&quot;,&quot;isLinked&quot;:true},&quot;element_pack_global_tooltip_border_radius_mobile&quot;:{&quot;unit&quot;:&quot;px&quot;,&quot;top&quot;:&quot;&quot;,&quot;right&quot;:&quot;&quot;,&quot;bottom&quot;:&quot;&quot;,&quot;left&quot;:&quot;&quot;,&quot;isLinked&quot;:true}}\" data-elementor-post-type=\"page\">\n\t\t\t\t\t\t<section class=\"elementor-section elementor-top-section elementor-element elementor-element-a966e8c feuilles elementor-section-boxed elementor-section-height-default elementor-section-height-default\" data-id=\"a966e8c\" data-element_type=\"section\" data-e-type=\"section\">\n\t\t\t\t\t\t<div class=\"elementor-container elementor-column-gap-default\">\n\t\t\t\t\t<div class=\"elementor-column elementor-col-100 elementor-top-column elementor-element elementor-element-adfbc42\" data-id=\"adfbc42\" data-element_type=\"column\" data-e-type=\"column\">\n\t\t\t<div class=\"elementor-widget-wrap elementor-element-populated\">\n\t\t\t\t\t\t<section class=\"elementor-section elementor-inner-section elementor-element elementor-element-536f524 block_txt_img elementor-section-boxed elementor-section-height-default elementor-section-height-default\" data-id=\"536f524\" data-element_type=\"section\" data-e-type=\"section\">\n\t\t\t\t\t\t<div class=\"elementor-container elementor-column-gap-default\">\n\t\t\t\t\t<div class=\"elementor-column elementor-col-50 elementor-inner-column elementor-element elementor-element-6bcc99c block_img\" data-id=\"6bcc99c\" data-element_type=\"column\" data-e-type=\"column\">\n\t\t\t<div class=\"elementor-widget-wrap elementor-element-populated\">\n\t\t\t\t\t\t<div class=\"elementor-element elementor-element-52cb967 elementor-widget elementor-widget-image\" data-id=\"52cb967\" data-element_type=\"widget\" data-e-type=\"widget\" data-widget_type=\"image.default\">\n\t\t\t\t<div class=\"elementor-widget-container\">\n\t\t\t\t\t\t\t\t\t\t\t\t\t\t\t<img fetchpriority=\"high\" decoding=\"async\" width=\"1492\" height=\"794\" src=\"https:\/\/www.fertival.fr\/public\/uploads\/2022\/08\/LOGISTIQUE-1_2-e1662996095262.jpg\" class=\"attachment-full size-full wp-image-3287\" alt=\"\" srcset=\"https:\/\/www.fertival.fr\/public\/uploads\/2022\/08\/LOGISTIQUE-1_2-e1662996095262.jpg 1492w, https:\/\/www.fertival.fr\/public\/uploads\/2022\/08\/LOGISTIQUE-1_2-e1662996095262-300x160.jpg 300w, https:\/\/www.fertival.fr\/public\/uploads\/2022\/08\/LOGISTIQUE-1_2-e1662996095262-1024x545.jpg 1024w, https:\/\/www.fertival.fr\/public\/uploads\/2022\/08\/LOGISTIQUE-1_2-e1662996095262-768x409.jpg 768w\" sizes=\"(max-width: 1492px) 100vw, 1492px\" \/>\t\t\t\t\t\t\t\t\t\t\t\t\t\t\t<\/div>\n\t\t\t\t<\/div>\n\t\t\t\t\t<\/div>\n\t\t<\/div>\n\t\t\t\t<div class=\"elementor-column elementor-col-50 elementor-inner-column elementor-element elementor-element-55c8a4d block_txt\" data-id=\"55c8a4d\" data-element_type=\"column\" data-e-type=\"column\">\n\t\t\t<div class=\"elementor-widget-wrap elementor-element-populated\">\n\t\t\t\t\t\t<div class=\"elementor-element elementor-element-f9dc12b elementor-widget elementor-widget-text-editor\" data-id=\"f9dc12b\" data-element_type=\"widget\" data-e-type=\"widget\" data-widget_type=\"text-editor.default\">\n\t\t\t\t<div class=\"elementor-widget-container\">\n\t\t\t\t\t\t\t\t\t<p>Un team di 25 persone lavora presso il sito Fertival di Quintenic, un comune a pochi chilometri da Lamballe. Il team \u00e8 responsabile di tutte le fasi della produzione dei prodotti Fertival, dal ricevimento delle materie prime alla spedizione delle merci.<\/p><p>La struttura \u00e8 attiva 24 ore su 24, dal luned\u00ec al venerd\u00ec, per rispondere velocemente alle vostre esigenze.<\/p>\t\t\t\t\t\t\t\t<\/div>\n\t\t\t\t<\/div>\n\t\t\t\t\t<\/div>\n\t\t<\/div>\n\t\t\t\t\t<\/div>\n\t\t<\/section>\n\t\t\t\t\t<\/div>\n\t\t<\/div>\n\t\t\t\t\t<\/div>\n\t\t<\/section>\n\t\t\t\t<section class=\"elementor-section elementor-top-section elementor-element elementor-element-afdaaae fond_gri elementor-section-boxed elementor-section-height-default elementor-section-height-default\" data-id=\"afdaaae\" data-element_type=\"section\" data-e-type=\"section\">\n\t\t\t\t\t\t<div class=\"elementor-container elementor-column-gap-default\">\n\t\t\t\t\t<div class=\"elementor-column elementor-col-50 elementor-top-column elementor-element elementor-element-1e23a22\" data-id=\"1e23a22\" data-element_type=\"column\" data-e-type=\"column\">\n\t\t\t<div class=\"elementor-widget-wrap elementor-element-populated\">\n\t\t\t\t\t\t<div class=\"elementor-element elementor-element-94b0c92 elementor-widget elementor-widget-heading\" data-id=\"94b0c92\" data-element_type=\"widget\" data-e-type=\"widget\" data-widget_type=\"heading.default\">\n\t\t\t\t<div class=\"elementor-widget-container\">\n\t\t\t\t\t<h2 class=\"elementor-heading-title elementor-size-default\">Raccolta, recupero, distribuzione<\/h2>\t\t\t\t<\/div>\n\t\t\t\t<\/div>\n\t\t\t\t<div class=\"elementor-element elementor-element-562fea4 elementor-widget elementor-widget-text-editor\" data-id=\"562fea4\" data-element_type=\"widget\" data-e-type=\"widget\" data-widget_type=\"text-editor.default\">\n\t\t\t\t<div class=\"elementor-widget-container\">\n\t\t\t\t\t\t\t\t\t<p>Inaugurato nel 2020, nel sito di Fertival \u00e8 stato costruito un capannone di 10.000 m\u00b2 che protegge dalle intemperie i prodotti in attesa di spedizione.<\/p><p>Ricevimento e stoccaggio delle materie prime &gt; pesatura e miscelazione delle materie prime &gt; granulazione &gt; trattamento termico &gt; imballaggio &gt; stoccaggio dei prodotti finiti &gt; spedizione della merce<\/p>\t\t\t\t\t\t\t\t<\/div>\n\t\t\t\t<\/div>\n\t\t\t\t\t<\/div>\n\t\t<\/div>\n\t\t\t\t<div class=\"elementor-column elementor-col-50 elementor-top-column elementor-element elementor-element-6b615ad\" data-id=\"6b615ad\" data-element_type=\"column\" data-e-type=\"column\">\n\t\t\t<div class=\"elementor-widget-wrap elementor-element-populated\">\n\t\t\t\t\t\t<div class=\"elementor-element elementor-element-f4cc3b6 schema elementor-widget elementor-widget-image\" data-id=\"f4cc3b6\" data-element_type=\"widget\" data-e-type=\"widget\" data-widget_type=\"image.default\">\n\t\t\t\t<div class=\"elementor-widget-container\">\n\t\t\t\t\t\t\t\t\t\t\t\t\t\t\t<img decoding=\"async\" width=\"2560\" height=\"1947\" src=\"https:\/\/www.fertival.fr\/public\/uploads\/2022\/10\/SCHEMA-7.png\" class=\"attachment-full size-full wp-image-3305\" alt=\"\" srcset=\"https:\/\/www.fertival.fr\/public\/uploads\/2022\/10\/SCHEMA-7.png 2560w, https:\/\/www.fertival.fr\/public\/uploads\/2022\/10\/SCHEMA-7-300x228.png 300w, https:\/\/www.fertival.fr\/public\/uploads\/2022\/10\/SCHEMA-7-1024x779.png 1024w, https:\/\/www.fertival.fr\/public\/uploads\/2022\/10\/SCHEMA-7-768x584.png 768w, https:\/\/www.fertival.fr\/public\/uploads\/2022\/10\/SCHEMA-7-1536x1168.png 1536w, https:\/\/www.fertival.fr\/public\/uploads\/2022\/10\/SCHEMA-7-2048x1558.png 2048w\" sizes=\"(max-width: 2560px) 100vw, 2560px\" \/>\t\t\t\t\t\t\t\t\t\t\t\t\t\t\t<\/div>\n\t\t\t\t<\/div>\n\t\t\t\t\t<\/div>\n\t\t<\/div>\n\t\t\t\t\t<\/div>\n\t\t<\/section>\n\t\t\t\t<\/div>\n\t\t","protected":false},"excerpt":{"rendered":"<p>Un team di 25 persone lavora presso il sito Fertival di Quintenic, un comune a pochi chilometri da Lamballe. Il team \u00e8 responsabile di tutte le fasi della produzione dei prodotti Fertival, dal ricevimento delle [&hellip;]<\/p>\n","protected":false},"author":1,"featured_media":0,"parent":0,"menu_order":0,"comment_status":"closed","ping_status":"closed","template":"","meta":{"footnotes":""},"class_list":["post-3428","page","type-page","status-publish","hentry","wpbf-post"],"_links":{"self":[{"href":"https:\/\/www.fertival.fr\/it\/wp-json\/wp\/v2\/pages\/3428","targetHints":{"allow":["GET"]}}],"collection":[{"href":"https:\/\/www.fertival.fr\/it\/wp-json\/wp\/v2\/pages"}],"about":[{"href":"https:\/\/www.fertival.fr\/it\/wp-json\/wp\/v2\/types\/page"}],"author":[{"embeddable":true,"href":"https:\/\/www.fertival.fr\/it\/wp-json\/wp\/v2\/users\/1"}],"replies":[{"embeddable":true,"href":"https:\/\/www.fertival.fr\/it\/wp-json\/wp\/v2\/comments?post=3428"}],"version-history":[{"count":9,"href":"https:\/\/www.fertival.fr\/it\/wp-json\/wp\/v2\/pages\/3428\/revisions"}],"predecessor-version":[{"id":4271,"href":"https:\/\/www.fertival.fr\/it\/wp-json\/wp\/v2\/pages\/3428\/revisions\/4271"}],"wp:attachment":[{"href":"https:\/\/www.fertival.fr\/it\/wp-json\/wp\/v2\/media?parent=3428"}],"curies":[{"name":"wp","href":"https:\/\/api.w.org\/{rel}","templated":true}]}}