{"id":3356,"date":"2022-07-28T17:58:06","date_gmt":"2022-07-28T15:58:06","guid":{"rendered":"https:\/\/www.fertival.fr\/a-propos\/"},"modified":"2024-02-15T15:32:35","modified_gmt":"2024-02-15T14:32:35","slug":"la-storia-di-fertival","status":"publish","type":"page","link":"https:\/\/www.fertival.fr\/it\/la-storia-di-fertival\/","title":{"rendered":"La storia di Fertival"},"content":{"rendered":"\t\t<div data-elementor-type=\"wp-page\" data-elementor-id=\"3356\" class=\"elementor elementor-3356 elementor-245\" data-elementor-settings=\"{&quot;element_pack_global_tooltip_width&quot;:{&quot;unit&quot;:&quot;px&quot;,&quot;size&quot;:&quot;&quot;,&quot;sizes&quot;:[]},&quot;element_pack_global_tooltip_width_tablet&quot;:{&quot;unit&quot;:&quot;px&quot;,&quot;size&quot;:&quot;&quot;,&quot;sizes&quot;:[]},&quot;element_pack_global_tooltip_width_mobile&quot;:{&quot;unit&quot;:&quot;px&quot;,&quot;size&quot;:&quot;&quot;,&quot;sizes&quot;:[]},&quot;element_pack_global_tooltip_padding&quot;:{&quot;unit&quot;:&quot;px&quot;,&quot;top&quot;:&quot;&quot;,&quot;right&quot;:&quot;&quot;,&quot;bottom&quot;:&quot;&quot;,&quot;left&quot;:&quot;&quot;,&quot;isLinked&quot;:true},&quot;element_pack_global_tooltip_padding_tablet&quot;:{&quot;unit&quot;:&quot;px&quot;,&quot;top&quot;:&quot;&quot;,&quot;right&quot;:&quot;&quot;,&quot;bottom&quot;:&quot;&quot;,&quot;left&quot;:&quot;&quot;,&quot;isLinked&quot;:true},&quot;element_pack_global_tooltip_padding_mobile&quot;:{&quot;unit&quot;:&quot;px&quot;,&quot;top&quot;:&quot;&quot;,&quot;right&quot;:&quot;&quot;,&quot;bottom&quot;:&quot;&quot;,&quot;left&quot;:&quot;&quot;,&quot;isLinked&quot;:true},&quot;element_pack_global_tooltip_border_radius&quot;:{&quot;unit&quot;:&quot;px&quot;,&quot;top&quot;:&quot;&quot;,&quot;right&quot;:&quot;&quot;,&quot;bottom&quot;:&quot;&quot;,&quot;left&quot;:&quot;&quot;,&quot;isLinked&quot;:true},&quot;element_pack_global_tooltip_border_radius_tablet&quot;:{&quot;unit&quot;:&quot;px&quot;,&quot;top&quot;:&quot;&quot;,&quot;right&quot;:&quot;&quot;,&quot;bottom&quot;:&quot;&quot;,&quot;left&quot;:&quot;&quot;,&quot;isLinked&quot;:true},&quot;element_pack_global_tooltip_border_radius_mobile&quot;:{&quot;unit&quot;:&quot;px&quot;,&quot;top&quot;:&quot;&quot;,&quot;right&quot;:&quot;&quot;,&quot;bottom&quot;:&quot;&quot;,&quot;left&quot;:&quot;&quot;,&quot;isLinked&quot;:true}}\" data-elementor-post-type=\"page\">\n\t\t\t\t\t\t<section class=\"elementor-section elementor-top-section elementor-element elementor-element-ef2c389 elementor-section-full_width elementor-section-height-default elementor-section-height-default\" data-id=\"ef2c389\" data-element_type=\"section\" data-e-type=\"section\">\n\t\t\t\t\t\t<div class=\"elementor-container elementor-column-gap-default\">\n\t\t\t\t\t<div class=\"elementor-column elementor-col-100 elementor-top-column elementor-element elementor-element-322784d\" data-id=\"322784d\" data-element_type=\"column\" data-e-type=\"column\">\n\t\t\t<div class=\"elementor-widget-wrap elementor-element-populated\">\n\t\t\t\t\t\t<section class=\"elementor-section elementor-inner-section elementor-element elementor-element-bccb7e9 block_txt_img elementor-section-boxed elementor-section-height-default elementor-section-height-default\" data-id=\"bccb7e9\" data-element_type=\"section\" data-e-type=\"section\">\n\t\t\t\t\t\t<div class=\"elementor-container elementor-column-gap-default\">\n\t\t\t\t\t<div class=\"elementor-column elementor-col-50 elementor-inner-column elementor-element elementor-element-66cf5a3 block_img\" data-id=\"66cf5a3\" data-element_type=\"column\" data-e-type=\"column\">\n\t\t\t<div class=\"elementor-widget-wrap elementor-element-populated\">\n\t\t\t\t\t\t<div class=\"elementor-element elementor-element-8b74115 elementor-widget elementor-widget-image\" data-id=\"8b74115\" data-element_type=\"widget\" data-e-type=\"widget\" data-widget_type=\"image.default\">\n\t\t\t\t<div class=\"elementor-widget-container\">\n\t\t\t\t\t\t\t\t\t\t\t\t\t\t\t<img fetchpriority=\"high\" decoding=\"async\" width=\"1500\" height=\"978\" src=\"https:\/\/www.fertival.fr\/public\/uploads\/2022\/08\/A-PROPOS-1_2.jpg\" class=\"attachment-full size-full wp-image-3265\" alt=\"\" srcset=\"https:\/\/www.fertival.fr\/public\/uploads\/2022\/08\/A-PROPOS-1_2.jpg 1500w, https:\/\/www.fertival.fr\/public\/uploads\/2022\/08\/A-PROPOS-1_2-300x196.jpg 300w, https:\/\/www.fertival.fr\/public\/uploads\/2022\/08\/A-PROPOS-1_2-1024x668.jpg 1024w, https:\/\/www.fertival.fr\/public\/uploads\/2022\/08\/A-PROPOS-1_2-768x501.jpg 768w\" sizes=\"(max-width: 1500px) 100vw, 1500px\" \/>\t\t\t\t\t\t\t\t\t\t\t\t\t\t\t<\/div>\n\t\t\t\t<\/div>\n\t\t\t\t\t<\/div>\n\t\t<\/div>\n\t\t\t\t<div class=\"elementor-column elementor-col-50 elementor-inner-column elementor-element elementor-element-2eba57e block_txt\" data-id=\"2eba57e\" data-element_type=\"column\" data-e-type=\"column\">\n\t\t\t<div class=\"elementor-widget-wrap elementor-element-populated\">\n\t\t\t\t\t\t<div class=\"elementor-element elementor-element-576267f h2 elementor-widget elementor-widget-heading\" data-id=\"576267f\" data-element_type=\"widget\" data-e-type=\"widget\" data-widget_type=\"heading.default\">\n\t\t\t\t<div class=\"elementor-widget-container\">\n\t\t\t\t\t<h1 class=\"elementor-heading-title elementor-size-default\">La storia di <span>Fertival<\/span><\/h1>\t\t\t\t<\/div>\n\t\t\t\t<\/div>\n\t\t\t\t<div class=\"elementor-element elementor-element-fe556e5 elementor-widget elementor-widget-text-editor\" data-id=\"fe556e5\" data-element_type=\"widget\" data-e-type=\"widget\" data-widget_type=\"text-editor.default\">\n\t\t\t\t<div class=\"elementor-widget-container\">\n\t\t\t\t\t\t\t\t\t<p>L\u2019impianto Fertival \u00e8 stato creato nel 1993 nella regione della C\u00f4tes d\u2019Armor da un gruppo di produttori avicoli per riciclare lo sterco di pollame. La sua attivit\u00e0 \u00e8 stata poi adattata al settore suinicolo nel 1997, quando \u00e8 stata rilevata dalla cooperativa Cooperl, per rispondere ai vincoli normativi e ambientali sulla gestione dei rifiuti zootecnici.<\/p><p>Lo spandimento agricolo, ricco di azoto e fosforo, \u00e8 infatti soggetto a rigide normative per limitarne l\u2019impatto ambientale.<\/p><p>Da 30 anni, la missione di Fertival \u00e8 riciclare la materia organica proveniente dagli allevamenti dei soci della Cooperl ed esportare i nutrienti essenziali per le colture nelle regioni che ne hanno bisogno. Questi trent\u2019anni di esperienza hanno reso Fertival un partner rinomato per la qualit\u00e0 dei suoi prodotti destinati a mercati esigenti.<\/p><p>Commercializzata in Francia e all\u2019estero, la gamma di concimi naturali Fertival risponde alle esigenze specifiche dei mercati di viticoltura, orticoltura, arboricoltura, seminativi di grandi dimensioni, spazi verdi e coltivazione tropicale.<\/p>\t\t\t\t\t\t\t\t<\/div>\n\t\t\t\t<\/div>\n\t\t\t\t<div class=\"elementor-element elementor-element-7165f1a schema elementor-widget elementor-widget-image\" data-id=\"7165f1a\" data-element_type=\"widget\" data-e-type=\"widget\" data-widget_type=\"image.default\">\n\t\t\t\t<div class=\"elementor-widget-container\">\n\t\t\t\t\t\t\t\t\t\t\t\t\t\t\t<img decoding=\"async\" width=\"1000\" height=\"761\" src=\"https:\/\/www.fertival.fr\/public\/uploads\/2022\/09\/map-fertival.jpg\" class=\"attachment-full size-full wp-image-3301\" alt=\"\" srcset=\"https:\/\/www.fertival.fr\/public\/uploads\/2022\/09\/map-fertival.jpg 1000w, https:\/\/www.fertival.fr\/public\/uploads\/2022\/09\/map-fertival-300x228.jpg 300w, https:\/\/www.fertival.fr\/public\/uploads\/2022\/09\/map-fertival-768x584.jpg 768w\" sizes=\"(max-width: 1000px) 100vw, 1000px\" \/>\t\t\t\t\t\t\t\t\t\t\t\t\t\t\t<\/div>\n\t\t\t\t<\/div>\n\t\t\t\t\t<\/div>\n\t\t<\/div>\n\t\t\t\t\t<\/div>\n\t\t<\/section>\n\t\t\t\t\t<\/div>\n\t\t<\/div>\n\t\t\t\t\t<\/div>\n\t\t<\/section>\n\t\t\t\t<section class=\"elementor-section elementor-top-section elementor-element elementor-element-18c93c4 elementor-section-full_width fond_gris elementor-section-height-default elementor-section-height-default\" data-id=\"18c93c4\" data-element_type=\"section\" data-e-type=\"section\">\n\t\t\t\t\t\t<div class=\"elementor-container elementor-column-gap-default\">\n\t\t\t\t\t<div class=\"elementor-column elementor-col-100 elementor-top-column elementor-element elementor-element-c891327\" data-id=\"c891327\" data-element_type=\"column\" data-e-type=\"column\">\n\t\t\t<div class=\"elementor-widget-wrap elementor-element-populated\">\n\t\t\t\t\t\t<section class=\"elementor-section elementor-inner-section elementor-element elementor-element-d56673c block_txt_img elementor-section-boxed elementor-section-height-default elementor-section-height-default\" data-id=\"d56673c\" data-element_type=\"section\" data-e-type=\"section\">\n\t\t\t\t\t\t<div class=\"elementor-container elementor-column-gap-default\">\n\t\t\t\t\t<div class=\"elementor-column elementor-col-50 elementor-inner-column elementor-element elementor-element-9360c62 block_txt\" data-id=\"9360c62\" data-element_type=\"column\" data-e-type=\"column\">\n\t\t\t<div class=\"elementor-widget-wrap elementor-element-populated\">\n\t\t\t\t\t\t<div class=\"elementor-element elementor-element-512e1ec elementor-widget elementor-widget-heading\" data-id=\"512e1ec\" data-element_type=\"widget\" data-e-type=\"widget\" data-widget_type=\"heading.default\">\n\t\t\t\t<div class=\"elementor-widget-container\">\n\t\t\t\t\t<h2 class=\"elementor-heading-title elementor-size-default\"><span>La nostra forza<\/span><\/h2>\t\t\t\t<\/div>\n\t\t\t\t<\/div>\n\t\t\t\t<div class=\"elementor-element elementor-element-c0c3a64 elementor-widget elementor-widget-heading\" data-id=\"c0c3a64\" data-element_type=\"widget\" data-e-type=\"widget\" data-widget_type=\"heading.default\">\n\t\t\t\t<div class=\"elementor-widget-container\">\n\t\t\t\t\t<h3 class=\"elementor-heading-title elementor-size-default\">Risorse interne<\/h3>\t\t\t\t<\/div>\n\t\t\t\t<\/div>\n\t\t\t\t<div class=\"elementor-element elementor-element-ee3f0e5 elementor-widget elementor-widget-text-editor\" data-id=\"ee3f0e5\" data-element_type=\"widget\" data-e-type=\"widget\" data-widget_type=\"text-editor.default\">\n\t\t\t\t<div class=\"elementor-widget-container\">\n\t\t\t\t\t\t\t\t\t<p>L\u2019obiettivo di Fertival \u00e8 quello di sfruttare al meglio i sottoprodotti della cooperativa nella progettazione dei suoi concimi:<\/p>\n<ul>\n<li>materia organica proveniente dagli allevamenti di suini, raccolta in impianti di trattamento situati in prossimit\u00e0 degli edifici o utilizzando sistemi di raschiamento <span style=\"font-weight: 400;\">brevettato denominato <\/span>TRAC.<\/li>\n<li>farina di setola seta proveniente dalla lavorazione dei co-prodotti della filiale di Cooperl Viandes.<\/li>\n<li>il digestato del pi\u00f9 grande metanizzatore senza spandimento d\u2019Europa sviluppato da Cooperl, che diventa una nuova fonte di materia organica ad alto valore aggiunto utilizzata nella composizione dei nostri concimi.<\/li>\n<\/ul>\n<p>Grazie all\u2019aggiunta di altri elementi, siamo in grado di offrire ai nostri clienti un\u2019ampia gamma di concimi specifici e adatti a ogni coltivazione. In qualit\u00e0 di esperto nella produzione di concimi organici di origine naturale in Francia e all\u2019estero, Fertival partecipa a un modello di economia circolare su larga scala.<\/p>\t\t\t\t\t\t\t\t<\/div>\n\t\t\t\t<\/div>\n\t\t\t\t\t<\/div>\n\t\t<\/div>\n\t\t\t\t<div class=\"elementor-column elementor-col-50 elementor-inner-column elementor-element elementor-element-22d4077 block_img\" data-id=\"22d4077\" data-element_type=\"column\" data-e-type=\"column\">\n\t\t\t<div class=\"elementor-widget-wrap elementor-element-populated\">\n\t\t\t\t\t\t<div class=\"elementor-element elementor-element-a58260a elementor-widget elementor-widget-image\" data-id=\"a58260a\" data-element_type=\"widget\" data-e-type=\"widget\" data-widget_type=\"image.default\">\n\t\t\t\t<div class=\"elementor-widget-container\">\n\t\t\t\t\t\t\t\t\t\t\t\t\t\t\t<img decoding=\"async\" width=\"1500\" height=\"1021\" src=\"https:\/\/www.fertival.fr\/public\/uploads\/2022\/08\/A-PROPOS-2_2.jpg\" class=\"attachment-full size-full wp-image-3266\" alt=\"\" srcset=\"https:\/\/www.fertival.fr\/public\/uploads\/2022\/08\/A-PROPOS-2_2.jpg 1500w, https:\/\/www.fertival.fr\/public\/uploads\/2022\/08\/A-PROPOS-2_2-300x204.jpg 300w, https:\/\/www.fertival.fr\/public\/uploads\/2022\/08\/A-PROPOS-2_2-1024x697.jpg 1024w, https:\/\/www.fertival.fr\/public\/uploads\/2022\/08\/A-PROPOS-2_2-768x523.jpg 768w\" sizes=\"(max-width: 1500px) 100vw, 1500px\" \/>\t\t\t\t\t\t\t\t\t\t\t\t\t\t\t<\/div>\n\t\t\t\t<\/div>\n\t\t\t\t\t<\/div>\n\t\t<\/div>\n\t\t\t\t\t<\/div>\n\t\t<\/section>\n\t\t\t\t\t<\/div>\n\t\t<\/div>\n\t\t\t\t\t<\/div>\n\t\t<\/section>\n\t\t\t\t<section class=\"elementor-section elementor-top-section elementor-element elementor-element-a235e34 elementor-section-full_width feuilles elementor-section-height-default elementor-section-height-default\" data-id=\"a235e34\" data-element_type=\"section\" data-e-type=\"section\">\n\t\t\t\t\t\t<div class=\"elementor-container elementor-column-gap-default\">\n\t\t\t\t\t<div class=\"elementor-column elementor-col-100 elementor-top-column elementor-element elementor-element-e23dcd1\" data-id=\"e23dcd1\" data-element_type=\"column\" data-e-type=\"column\">\n\t\t\t<div class=\"elementor-widget-wrap elementor-element-populated\">\n\t\t\t\t\t\t<section class=\"elementor-section elementor-inner-section elementor-element elementor-element-4c750d8 block_txt_img elementor-section-boxed elementor-section-height-default elementor-section-height-default\" data-id=\"4c750d8\" data-element_type=\"section\" data-e-type=\"section\">\n\t\t\t\t\t\t<div class=\"elementor-container elementor-column-gap-default\">\n\t\t\t\t\t<div class=\"elementor-column elementor-col-50 elementor-inner-column elementor-element elementor-element-08f56f3 block_img contain\" data-id=\"08f56f3\" data-element_type=\"column\" data-e-type=\"column\">\n\t\t\t<div class=\"elementor-widget-wrap elementor-element-populated\">\n\t\t\t\t\t\t<div class=\"elementor-element elementor-element-487d623 elementor-widget elementor-widget-image\" data-id=\"487d623\" data-element_type=\"widget\" data-e-type=\"widget\" data-widget_type=\"image.default\">\n\t\t\t\t<div class=\"elementor-widget-container\">\n\t\t\t\t\t\t\t\t\t\t\t\t\t\t\t<img loading=\"lazy\" decoding=\"async\" width=\"573\" height=\"428\" src=\"https:\/\/www.fertival.fr\/public\/uploads\/2023\/10\/ncouba.jpg\" class=\"attachment-full size-full wp-image-3353\" alt=\"\" srcset=\"https:\/\/www.fertival.fr\/public\/uploads\/2023\/10\/ncouba.jpg 573w, https:\/\/www.fertival.fr\/public\/uploads\/2023\/10\/ncouba-300x224.jpg 300w\" sizes=\"(max-width: 573px) 100vw, 573px\" \/>\t\t\t\t\t\t\t\t\t\t\t\t\t\t\t<\/div>\n\t\t\t\t<\/div>\n\t\t\t\t\t<\/div>\n\t\t<\/div>\n\t\t\t\t<div class=\"elementor-column elementor-col-50 elementor-inner-column elementor-element elementor-element-803b8a2 block_txt\" data-id=\"803b8a2\" data-element_type=\"column\" data-e-type=\"column\">\n\t\t\t<div class=\"elementor-widget-wrap elementor-element-populated\">\n\t\t\t\t\t\t<div class=\"elementor-element elementor-element-6baf0b4 elementor-widget elementor-widget-heading\" data-id=\"6baf0b4\" data-element_type=\"widget\" data-e-type=\"widget\" data-widget_type=\"heading.default\">\n\t\t\t\t<div class=\"elementor-widget-container\">\n\t\t\t\t\t<h3 class=\"elementor-heading-title elementor-size-default\">Il business in cifre<\/h3>\t\t\t\t<\/div>\n\t\t\t\t<\/div>\n\t\t\t\t<div class=\"elementor-element elementor-element-5a5ed02 elementor-widget elementor-widget-text-editor\" data-id=\"5a5ed02\" data-element_type=\"widget\" data-e-type=\"widget\" data-widget_type=\"text-editor.default\">\n\t\t\t\t<div class=\"elementor-widget-container\">\n\t\t\t\t\t\t\t\t\t<ul><li><strong>1993<\/strong> : anno di inizio attivit\u00e0<\/li><li><strong>25 collaboratori <\/strong>dedicati<\/li><li><strong>18 000 tonnellate <\/strong>di sottoprodotti essiccati e riciclati all\u2019anno dalla cooperativa<span style=\"font-size: 17px;\">\u00a0<\/span><\/li><li><strong>50 000 tonnellate: <span style=\"font-weight: 400;\">Produzione annua di circa 50.000T<\/span><\/strong><\/li><li><span style=\"font-weight: 400;\">In media il <strong>20%<\/strong> \u00e8 destinato all&#8217;export<\/span><\/li><li><strong>6 mercati di competenza<\/strong><\/li><\/ul>\t\t\t\t\t\t\t\t<\/div>\n\t\t\t\t<\/div>\n\t\t\t\t<div class=\"elementor-element elementor-element-4e73062 bouton jaune elementor-widget elementor-widget-button\" data-id=\"4e73062\" data-element_type=\"widget\" data-e-type=\"widget\" data-widget_type=\"button.default\">\n\t\t\t\t<div class=\"elementor-widget-container\">\n\t\t\t\t\t\t\t\t\t<div class=\"elementor-button-wrapper\">\n\t\t\t\t\t<a class=\"elementor-button elementor-button-link elementor-size-sm\" href=\"https:\/\/www.fertival.fr\/it\/contatti\/\">\n\t\t\t\t\t\t<span class=\"elementor-button-content-wrapper\">\n\t\t\t\t\t\t\t\t\t<span class=\"elementor-button-text\">Contattaci<\/span>\n\t\t\t\t\t<\/span>\n\t\t\t\t\t<\/a>\n\t\t\t\t<\/div>\n\t\t\t\t\t\t\t\t<\/div>\n\t\t\t\t<\/div>\n\t\t\t\t\t<\/div>\n\t\t<\/div>\n\t\t\t\t\t<\/div>\n\t\t<\/section>\n\t\t\t\t\t<\/div>\n\t\t<\/div>\n\t\t\t\t\t<\/div>\n\t\t<\/section>\n\t\t\t\t<\/div>\n\t\t","protected":false},"excerpt":{"rendered":"<p>La storia di Fertival L\u2019impianto Fertival \u00e8 stato creato nel 1993 nella regione della C\u00f4tes d\u2019Armor da un gruppo di produttori avicoli per riciclare lo sterco di pollame. La sua attivit\u00e0 \u00e8 stata poi adattata [&hellip;]<\/p>\n","protected":false},"author":1,"featured_media":0,"parent":0,"menu_order":0,"comment_status":"closed","ping_status":"closed","template":"","meta":{"footnotes":""},"class_list":["post-3356","page","type-page","status-publish","hentry","wpbf-post"],"_links":{"self":[{"href":"https:\/\/www.fertival.fr\/it\/wp-json\/wp\/v2\/pages\/3356","targetHints":{"allow":["GET"]}}],"collection":[{"href":"https:\/\/www.fertival.fr\/it\/wp-json\/wp\/v2\/pages"}],"about":[{"href":"https:\/\/www.fertival.fr\/it\/wp-json\/wp\/v2\/types\/page"}],"author":[{"embeddable":true,"href":"https:\/\/www.fertival.fr\/it\/wp-json\/wp\/v2\/users\/1"}],"replies":[{"embeddable":true,"href":"https:\/\/www.fertival.fr\/it\/wp-json\/wp\/v2\/comments?post=3356"}],"version-history":[{"count":31,"href":"https:\/\/www.fertival.fr\/it\/wp-json\/wp\/v2\/pages\/3356\/revisions"}],"predecessor-version":[{"id":4226,"href":"https:\/\/www.fertival.fr\/it\/wp-json\/wp\/v2\/pages\/3356\/revisions\/4226"}],"wp:attachment":[{"href":"https:\/\/www.fertival.fr\/it\/wp-json\/wp\/v2\/media?parent=3356"}],"curies":[{"name":"wp","href":"https:\/\/api.w.org\/{rel}","templated":true}]}}