{"id":2135,"date":"2022-08-25T09:47:11","date_gmt":"2022-08-25T07:47:11","guid":{"rendered":"https:\/\/www.fertival.fr\/cas-clients\/"},"modified":"2023-12-08T15:31:54","modified_gmt":"2023-12-08T14:31:54","slug":"customer-case-studies","status":"publish","type":"page","link":"https:\/\/www.fertival.fr\/en\/customer-case-studies\/","title":{"rendered":"Customer case studies"},"content":{"rendered":"\t\t<div data-elementor-type=\"wp-page\" data-elementor-id=\"2135\" class=\"elementor elementor-2135 elementor-929\" data-elementor-settings=\"{&quot;element_pack_global_tooltip_width&quot;:{&quot;unit&quot;:&quot;px&quot;,&quot;size&quot;:&quot;&quot;,&quot;sizes&quot;:[]},&quot;element_pack_global_tooltip_width_tablet&quot;:{&quot;unit&quot;:&quot;px&quot;,&quot;size&quot;:&quot;&quot;,&quot;sizes&quot;:[]},&quot;element_pack_global_tooltip_width_mobile&quot;:{&quot;unit&quot;:&quot;px&quot;,&quot;size&quot;:&quot;&quot;,&quot;sizes&quot;:[]},&quot;element_pack_global_tooltip_padding&quot;:{&quot;unit&quot;:&quot;px&quot;,&quot;top&quot;:&quot;&quot;,&quot;right&quot;:&quot;&quot;,&quot;bottom&quot;:&quot;&quot;,&quot;left&quot;:&quot;&quot;,&quot;isLinked&quot;:true},&quot;element_pack_global_tooltip_padding_tablet&quot;:{&quot;unit&quot;:&quot;px&quot;,&quot;top&quot;:&quot;&quot;,&quot;right&quot;:&quot;&quot;,&quot;bottom&quot;:&quot;&quot;,&quot;left&quot;:&quot;&quot;,&quot;isLinked&quot;:true},&quot;element_pack_global_tooltip_padding_mobile&quot;:{&quot;unit&quot;:&quot;px&quot;,&quot;top&quot;:&quot;&quot;,&quot;right&quot;:&quot;&quot;,&quot;bottom&quot;:&quot;&quot;,&quot;left&quot;:&quot;&quot;,&quot;isLinked&quot;:true},&quot;element_pack_global_tooltip_border_radius&quot;:{&quot;unit&quot;:&quot;px&quot;,&quot;top&quot;:&quot;&quot;,&quot;right&quot;:&quot;&quot;,&quot;bottom&quot;:&quot;&quot;,&quot;left&quot;:&quot;&quot;,&quot;isLinked&quot;:true},&quot;element_pack_global_tooltip_border_radius_tablet&quot;:{&quot;unit&quot;:&quot;px&quot;,&quot;top&quot;:&quot;&quot;,&quot;right&quot;:&quot;&quot;,&quot;bottom&quot;:&quot;&quot;,&quot;left&quot;:&quot;&quot;,&quot;isLinked&quot;:true},&quot;element_pack_global_tooltip_border_radius_mobile&quot;:{&quot;unit&quot;:&quot;px&quot;,&quot;top&quot;:&quot;&quot;,&quot;right&quot;:&quot;&quot;,&quot;bottom&quot;:&quot;&quot;,&quot;left&quot;:&quot;&quot;,&quot;isLinked&quot;:true}}\" data-elementor-post-type=\"page\">\n\t\t\t\t\t\t<section class=\"elementor-section elementor-top-section elementor-element elementor-element-185380e elementor-section-boxed elementor-section-height-default elementor-section-height-default\" data-id=\"185380e\" data-element_type=\"section\" data-e-type=\"section\">\n\t\t\t\t\t\t<div class=\"elementor-container elementor-column-gap-default\">\n\t\t\t\t\t<div class=\"elementor-column elementor-col-100 elementor-top-column elementor-element elementor-element-e9730fb\" data-id=\"e9730fb\" data-element_type=\"column\" data-e-type=\"column\">\n\t\t\t<div class=\"elementor-widget-wrap elementor-element-populated\">\n\t\t\t\t\t\t\t<\/div>\n\t\t<\/div>\n\t\t\t\t\t<\/div>\n\t\t<\/section>\n\t\t\t\t<section class=\"elementor-section elementor-top-section elementor-element elementor-element-3fc093d elementor-section-full_width block_txt_img elementor-section-height-default elementor-section-height-default\" data-id=\"3fc093d\" data-element_type=\"section\" data-e-type=\"section\">\n\t\t\t\t\t\t<div class=\"elementor-container elementor-column-gap-default\">\n\t\t\t\t\t<div class=\"elementor-column elementor-col-100 elementor-top-column elementor-element elementor-element-dec548d\" data-id=\"dec548d\" data-element_type=\"column\" data-e-type=\"column\">\n\t\t\t<div class=\"elementor-widget-wrap elementor-element-populated\">\n\t\t\t\t\t\t<section class=\"elementor-section elementor-inner-section elementor-element elementor-element-b8d0b91 cas elementor-section-boxed elementor-section-height-default elementor-section-height-default\" data-id=\"b8d0b91\" data-element_type=\"section\" data-e-type=\"section\">\n\t\t\t\t\t\t<div class=\"elementor-container elementor-column-gap-default\">\n\t\t\t\t\t<div class=\"elementor-column elementor-col-33 elementor-inner-column elementor-element elementor-element-af9dd77 block_img\" data-id=\"af9dd77\" data-element_type=\"column\" data-e-type=\"column\">\n\t\t\t<div class=\"elementor-widget-wrap elementor-element-populated\">\n\t\t\t\t\t\t<div class=\"elementor-element elementor-element-17c645e elementor-widget elementor-widget-image\" data-id=\"17c645e\" data-element_type=\"widget\" data-e-type=\"widget\" data-widget_type=\"image.default\">\n\t\t\t\t<div class=\"elementor-widget-container\">\n\t\t\t\t\t\t\t\t\t\t\t\t\t\t\t<img fetchpriority=\"high\" decoding=\"async\" width=\"683\" height=\"1024\" src=\"https:\/\/www.fertival.fr\/public\/uploads\/2022\/08\/CAS-CLIENT-1-683x1024.jpg\" class=\"attachment-large size-large wp-image-1971\" alt=\"\" srcset=\"https:\/\/www.fertival.fr\/public\/uploads\/2022\/08\/CAS-CLIENT-1-683x1024.jpg 683w, https:\/\/www.fertival.fr\/public\/uploads\/2022\/08\/CAS-CLIENT-1-200x300.jpg 200w, https:\/\/www.fertival.fr\/public\/uploads\/2022\/08\/CAS-CLIENT-1-768x1152.jpg 768w, https:\/\/www.fertival.fr\/public\/uploads\/2022\/08\/CAS-CLIENT-1-1024x1536.jpg 1024w, https:\/\/www.fertival.fr\/public\/uploads\/2022\/08\/CAS-CLIENT-1-1365x2048.jpg 1365w, https:\/\/www.fertival.fr\/public\/uploads\/2022\/08\/CAS-CLIENT-1-scaled.jpg 1707w\" sizes=\"(max-width: 683px) 100vw, 683px\" \/>\t\t\t\t\t\t\t\t\t\t\t\t\t\t\t<\/div>\n\t\t\t\t<\/div>\n\t\t\t\t\t<\/div>\n\t\t<\/div>\n\t\t\t\t<div class=\"elementor-column elementor-col-66 elementor-inner-column elementor-element elementor-element-426f52e block_txt\" data-id=\"426f52e\" data-element_type=\"column\" data-e-type=\"column\">\n\t\t\t<div class=\"elementor-widget-wrap elementor-element-populated\">\n\t\t\t\t\t\t<div class=\"elementor-element elementor-element-07d227b h3 elementor-widget elementor-widget-heading\" data-id=\"07d227b\" data-element_type=\"widget\" data-e-type=\"widget\" data-widget_type=\"heading.default\">\n\t\t\t\t<div class=\"elementor-widget-container\">\n\t\t\t\t\t<h2 class=\"elementor-heading-title elementor-size-default\">Domaine des Herbauges, M. J\u00e9r\u00f4me Choblet\n<\/h2>\t\t\t\t<\/div>\n\t\t\t\t<\/div>\n\t\t\t\t<div class=\"elementor-element elementor-element-b9d0dc6 elementor-widget elementor-widget-text-editor\" data-id=\"b9d0dc6\" data-element_type=\"widget\" data-e-type=\"widget\" data-widget_type=\"text-editor.default\">\n\t\t\t\t<div class=\"elementor-widget-container\">\n\t\t\t\t\t\t\t\t\t<p><a href=\"https:\/\/www.fertival.fr\/produits\/activsol-dynsol\/\"><span style=\"background-color: transparent;\"><b>Fertilisant naturel utilis\u00e9<\/b><\/span><strong>\u00a0: Dynsol<\/strong><\/a><\/p>\n\t\t\t\t\t\t\t\t<\/div>\n\t\t\t\t<\/div>\n\t\t\t\t<div class=\"elementor-element elementor-element-f3716c2 elementor-widget elementor-widget-text-editor\" data-id=\"f3716c2\" data-element_type=\"widget\" data-e-type=\"widget\" data-widget_type=\"text-editor.default\">\n\t\t\t\t<div class=\"elementor-widget-container\">\n\t\t\t\t\t\t\t\t\t<blockquote>\n<p>Depuis <strong>plus de 15<\/strong> ans, on utilise des produits Fertival et nous n\u2019avons plus de probl\u00e9matiques de pourritures sur nos c\u00e9pages gr\u00e2ce \u00e0 la gestion de l\u2019azote: <em>min\u00e9ralisations lentes et longues.<\/em><\/p>\n<p>On a constat\u00e9 une<strong> tr\u00e8s bonne r\u00e9sistance<\/strong> de nos vignes au gel gr\u00e2ce \u00e0 toute la vie microbienne des sols et \u00e0 tout le syst\u00e8me de mycorhizes qui s\u2019est mis en place autour des racines des vignes. Ainsi, nous constatons <strong>30 \u00e0 40%<\/strong> de plus de bourgeons ressortis sur des vignes gel\u00e9es. Il y a une <strong>meilleure d\u00e9gradation du compost et des feuilles<\/strong> et du produit en lui-m\u00eame. On en est pleinement satisfait.<\/p>\n<p>C\u2019est un travail \u00e0 long terme et long \u00e0 se mettre en place mais on observe ensuite une <strong>nutrition beaucoup plus raisonn\u00e9e et r\u00e9guli\u00e8re<\/strong>. Les vignes sont en bien meilleur \u00e9tat et on a beaucoup moins de probl\u00e8mes de stress hydrique.<\/p>\n<\/blockquote>\n\t\t\t\t\t\t\t\t<\/div>\n\t\t\t\t<\/div>\n\t\t\t\t<div class=\"elementor-element elementor-element-2abb4b4 bouton jaune elementor-widget elementor-widget-button\" data-id=\"2abb4b4\" data-element_type=\"widget\" data-e-type=\"widget\" data-widget_type=\"button.default\">\n\t\t\t\t<div class=\"elementor-widget-container\">\n\t\t\t\t\t\t\t\t\t<div class=\"elementor-button-wrapper\">\n\t\t\t\t\t<a class=\"elementor-button elementor-button-link elementor-size-sm\" href=\"https:\/\/www.fertival.fr\/produits\/activsol-dynsol\/\">\n\t\t\t\t\t\t<span class=\"elementor-button-content-wrapper\">\n\t\t\t\t\t\t\t\t\t<span class=\"elementor-button-text\">Voir le produit<\/span>\n\t\t\t\t\t<\/span>\n\t\t\t\t\t<\/a>\n\t\t\t\t<\/div>\n\t\t\t\t\t\t\t\t<\/div>\n\t\t\t\t<\/div>\n\t\t\t\t\t<\/div>\n\t\t<\/div>\n\t\t\t\t\t<\/div>\n\t\t<\/section>\n\t\t\t\t<section class=\"elementor-section elementor-inner-section elementor-element elementor-element-45d1778 fond_gris cas elementor-section-boxed elementor-section-height-default elementor-section-height-default\" data-id=\"45d1778\" data-element_type=\"section\" data-e-type=\"section\">\n\t\t\t\t\t\t<div class=\"elementor-container elementor-column-gap-default\">\n\t\t\t\t\t<div class=\"elementor-column elementor-col-33 elementor-inner-column elementor-element elementor-element-c6d7192 block_img\" data-id=\"c6d7192\" data-element_type=\"column\" data-e-type=\"column\">\n\t\t\t<div class=\"elementor-widget-wrap elementor-element-populated\">\n\t\t\t\t\t\t<div class=\"elementor-element elementor-element-ee4d02d elementor-widget elementor-widget-image\" data-id=\"ee4d02d\" data-element_type=\"widget\" data-e-type=\"widget\" data-widget_type=\"image.default\">\n\t\t\t\t<div class=\"elementor-widget-container\">\n\t\t\t\t\t\t\t\t\t\t\t\t\t\t\t<img decoding=\"async\" width=\"768\" height=\"1024\" src=\"https:\/\/www.fertival.fr\/public\/uploads\/2022\/08\/CAS-CLIENT-2.jpg\" class=\"attachment-large size-large wp-image-1970\" alt=\"\" srcset=\"https:\/\/www.fertival.fr\/public\/uploads\/2022\/08\/CAS-CLIENT-2.jpg 768w, https:\/\/www.fertival.fr\/public\/uploads\/2022\/08\/CAS-CLIENT-2-225x300.jpg 225w\" sizes=\"(max-width: 768px) 100vw, 768px\" \/>\t\t\t\t\t\t\t\t\t\t\t\t\t\t\t<\/div>\n\t\t\t\t<\/div>\n\t\t\t\t\t<\/div>\n\t\t<\/div>\n\t\t\t\t<div class=\"elementor-column elementor-col-66 elementor-inner-column elementor-element elementor-element-71e1ecb block_txt\" data-id=\"71e1ecb\" data-element_type=\"column\" data-e-type=\"column\">\n\t\t\t<div class=\"elementor-widget-wrap elementor-element-populated\">\n\t\t\t\t\t\t<div class=\"elementor-element elementor-element-b1e4ba5 h3 elementor-widget elementor-widget-heading\" data-id=\"b1e4ba5\" data-element_type=\"widget\" data-e-type=\"widget\" data-widget_type=\"heading.default\">\n\t\t\t\t<div class=\"elementor-widget-container\">\n\t\t\t\t\t<h2 class=\"elementor-heading-title elementor-size-default\">Serre des 3 Moulins, Thibaud et C\u00e9line VINET<\/h2>\t\t\t\t<\/div>\n\t\t\t\t<\/div>\n\t\t\t\t<div class=\"elementor-element elementor-element-7a3531b elementor-widget elementor-widget-text-editor\" data-id=\"7a3531b\" data-element_type=\"widget\" data-e-type=\"widget\" data-widget_type=\"text-editor.default\">\n\t\t\t\t<div class=\"elementor-widget-container\">\n\t\t\t\t\t\t\t\t\t<p><a href=\"https:\/\/www.fertival.fr\/produits\/activsol-univeg\/\"><strong>Fertilisant naturel utilis\u00e9 : Univeg amendement<\/strong><\/a><\/p>\n\t\t\t\t\t\t\t\t<\/div>\n\t\t\t\t<\/div>\n\t\t\t\t<div class=\"elementor-element elementor-element-70a0e96 elementor-widget elementor-widget-text-editor\" data-id=\"70a0e96\" data-element_type=\"widget\" data-e-type=\"widget\" data-widget_type=\"text-editor.default\">\n\t\t\t\t<div class=\"elementor-widget-container\">\n\t\t\t\t\t\t\t\t\t<blockquote>\n<p><strong>L\u2019univeg amendement<\/strong> pr\u00e9sente deux principaux int\u00e9r\u00eats : <em>celui d\u2019\u00eatre un amendement, et aussi de permettre un apport r\u00e9gulier de la mati\u00e8re organique et de l\u2019azote dans le sol.<\/em><\/p>\n<p>C\u2019est un produit<strong> universel<\/strong> car nous pouvons l\u2019utiliser sur <strong>diff\u00e9rentes cultures<\/strong>. Cela fait <strong>plus de 20 ans<\/strong> que nous travaillons avec Fertival. Nous sommes satisfaits de son <strong>\u00e9quipe r\u00e9active<\/strong> et <strong>soucieuse du besoin de ses clients<\/strong>, et de la disponibilit\u00e9 des produits.<\/p>\n<\/blockquote>\n\t\t\t\t\t\t\t\t<\/div>\n\t\t\t\t<\/div>\n\t\t\t\t<div class=\"elementor-element elementor-element-d9f71fb bouton jaune elementor-widget elementor-widget-button\" data-id=\"d9f71fb\" data-element_type=\"widget\" data-e-type=\"widget\" data-widget_type=\"button.default\">\n\t\t\t\t<div class=\"elementor-widget-container\">\n\t\t\t\t\t\t\t\t\t<div class=\"elementor-button-wrapper\">\n\t\t\t\t\t<a class=\"elementor-button elementor-button-link elementor-size-sm\" href=\"https:\/\/www.fertival.fr\/produits\/activsol-univeg\/\">\n\t\t\t\t\t\t<span class=\"elementor-button-content-wrapper\">\n\t\t\t\t\t\t\t\t\t<span class=\"elementor-button-text\">Voir le produit<\/span>\n\t\t\t\t\t<\/span>\n\t\t\t\t\t<\/a>\n\t\t\t\t<\/div>\n\t\t\t\t\t\t\t\t<\/div>\n\t\t\t\t<\/div>\n\t\t\t\t\t<\/div>\n\t\t<\/div>\n\t\t\t\t\t<\/div>\n\t\t<\/section>\n\t\t\t\t<section class=\"elementor-section elementor-inner-section elementor-element elementor-element-f8015d0 cas elementor-section-boxed elementor-section-height-default elementor-section-height-default\" data-id=\"f8015d0\" data-element_type=\"section\" data-e-type=\"section\">\n\t\t\t\t\t\t<div class=\"elementor-container elementor-column-gap-default\">\n\t\t\t\t\t<div class=\"elementor-column elementor-col-33 elementor-inner-column elementor-element elementor-element-48a6643 block_img\" data-id=\"48a6643\" data-element_type=\"column\" data-e-type=\"column\">\n\t\t\t<div class=\"elementor-widget-wrap elementor-element-populated\">\n\t\t\t\t\t\t<div class=\"elementor-element elementor-element-208f992 elementor-widget elementor-widget-image\" data-id=\"208f992\" data-element_type=\"widget\" data-e-type=\"widget\" data-widget_type=\"image.default\">\n\t\t\t\t<div class=\"elementor-widget-container\">\n\t\t\t\t\t\t\t\t\t\t\t\t\t\t\t<img decoding=\"async\" width=\"340\" height=\"420\" src=\"https:\/\/www.fertival.fr\/public\/uploads\/2022\/09\/CAS-CLIENT-3.jpg\" class=\"attachment-large size-large wp-image-1974\" alt=\"\" srcset=\"https:\/\/www.fertival.fr\/public\/uploads\/2022\/09\/CAS-CLIENT-3.jpg 340w, https:\/\/www.fertival.fr\/public\/uploads\/2022\/09\/CAS-CLIENT-3-243x300.jpg 243w\" sizes=\"(max-width: 340px) 100vw, 340px\" \/>\t\t\t\t\t\t\t\t\t\t\t\t\t\t\t<\/div>\n\t\t\t\t<\/div>\n\t\t\t\t\t<\/div>\n\t\t<\/div>\n\t\t\t\t<div class=\"elementor-column elementor-col-66 elementor-inner-column elementor-element elementor-element-d596e17 block_txt\" data-id=\"d596e17\" data-element_type=\"column\" data-e-type=\"column\">\n\t\t\t<div class=\"elementor-widget-wrap elementor-element-populated\">\n\t\t\t\t\t\t<div class=\"elementor-element elementor-element-dff5f65 h3 elementor-widget elementor-widget-heading\" data-id=\"dff5f65\" data-element_type=\"widget\" data-e-type=\"widget\" data-widget_type=\"heading.default\">\n\t\t\t\t<div class=\"elementor-widget-container\">\n\t\t\t\t\t<h2 class=\"elementor-heading-title elementor-size-default\">Ch\u00e2teau d\u2019Avrill\u00e9, Bruno BARBOT<\/h2>\t\t\t\t<\/div>\n\t\t\t\t<\/div>\n\t\t\t\t<div class=\"elementor-element elementor-element-667cb50 elementor-widget elementor-widget-text-editor\" data-id=\"667cb50\" data-element_type=\"widget\" data-e-type=\"widget\" data-widget_type=\"text-editor.default\">\n\t\t\t\t<div class=\"elementor-widget-container\">\n\t\t\t\t\t\t\t\t\t<p><a href=\"https:\/\/www.fertival.fr\/produits\/fertiveg-5-5-2-humival-evolution\/\"><strong>Fertilisant naturel utilis\u00e9 : Humival Evolution (Fertiveg 5-5-2)<\/strong><\/a><\/p>\n\t\t\t\t\t\t\t\t<\/div>\n\t\t\t\t<\/div>\n\t\t\t\t<div class=\"elementor-element elementor-element-062c3a1 elementor-widget elementor-widget-text-editor\" data-id=\"062c3a1\" data-element_type=\"widget\" data-e-type=\"widget\" data-widget_type=\"text-editor.default\">\n\t\t\t\t<div class=\"elementor-widget-container\">\n\t\t\t\t\t\t\t\t\t<blockquote>\n<p>Je ne travaille qu\u2019avec Fertival et j\u2019utilise <strong>Humival Evolution<\/strong> depuis<strong> 14 ans<\/strong> sur mes vignes. Depuis, je ne mets plus d\u2019engrais chimiques ni de fumier de bovin.<\/p>\n<p>L\u2019engrais organique a remplac\u00e9 ces produits. Cet apport <strong>permet l\u2019am\u00e9lioration de la qualit\u00e9 de vie du sol<\/strong> avec des sols plus vivants et des micro-organismes qui revivent. L\u2019<strong>Humival Evolution<\/strong> joue sur la mise en r\u00e9serve de la vigne et compl\u00e8te les besoins de la plante, m\u00eame 3 semaines apr\u00e8s un apport. Il n\u2019y a pas de lessivage avec ce produit. On a des analyses tr\u00e8s correctes voire surprenantes du sol, il n\u2019y a aucun d\u00e9faut depuis 6 ans.<\/p>\n<p>C\u2019est un travail \u00e0 long terme, il n\u2019y a pas d\u2019effet imm\u00e9diat.<\/p>\n<\/blockquote>\t\t\t\t\t\t\t\t<\/div>\n\t\t\t\t<\/div>\n\t\t\t\t<div class=\"elementor-element elementor-element-1705636 bouton jaune elementor-widget elementor-widget-button\" data-id=\"1705636\" data-element_type=\"widget\" data-e-type=\"widget\" data-widget_type=\"button.default\">\n\t\t\t\t<div class=\"elementor-widget-container\">\n\t\t\t\t\t\t\t\t\t<div class=\"elementor-button-wrapper\">\n\t\t\t\t\t<a class=\"elementor-button elementor-button-link elementor-size-sm\" href=\"https:\/\/www.fertival.fr\/produits\/fertiveg-5-5-2-humival-evolution\/\">\n\t\t\t\t\t\t<span class=\"elementor-button-content-wrapper\">\n\t\t\t\t\t\t\t\t\t<span class=\"elementor-button-text\">Voir le produit<\/span>\n\t\t\t\t\t<\/span>\n\t\t\t\t\t<\/a>\n\t\t\t\t<\/div>\n\t\t\t\t\t\t\t\t<\/div>\n\t\t\t\t<\/div>\n\t\t\t\t\t<\/div>\n\t\t<\/div>\n\t\t\t\t\t<\/div>\n\t\t<\/section>\n\t\t\t\t<section class=\"elementor-section elementor-inner-section elementor-element elementor-element-43e0ba4 fond_gris cas elementor-section-boxed elementor-section-height-default elementor-section-height-default\" data-id=\"43e0ba4\" data-element_type=\"section\" data-e-type=\"section\">\n\t\t\t\t\t\t<div class=\"elementor-container elementor-column-gap-default\">\n\t\t\t\t\t<div class=\"elementor-column elementor-col-33 elementor-inner-column elementor-element elementor-element-acb492c block_img\" data-id=\"acb492c\" data-element_type=\"column\" data-e-type=\"column\">\n\t\t\t<div class=\"elementor-widget-wrap elementor-element-populated\">\n\t\t\t\t\t\t<div class=\"elementor-element elementor-element-b2642eb elementor-widget elementor-widget-image\" data-id=\"b2642eb\" data-element_type=\"widget\" data-e-type=\"widget\" data-widget_type=\"image.default\">\n\t\t\t\t<div class=\"elementor-widget-container\">\n\t\t\t\t\t\t\t\t\t\t\t\t\t\t\t<img loading=\"lazy\" decoding=\"async\" width=\"645\" height=\"945\" src=\"https:\/\/www.fertival.fr\/public\/uploads\/2022\/09\/CAS-CLIENT-4-1.jpg\" class=\"attachment-large size-large wp-image-1973\" alt=\"\" srcset=\"https:\/\/www.fertival.fr\/public\/uploads\/2022\/09\/CAS-CLIENT-4-1.jpg 645w, https:\/\/www.fertival.fr\/public\/uploads\/2022\/09\/CAS-CLIENT-4-1-205x300.jpg 205w\" sizes=\"(max-width: 645px) 100vw, 645px\" \/>\t\t\t\t\t\t\t\t\t\t\t\t\t\t\t<\/div>\n\t\t\t\t<\/div>\n\t\t\t\t\t<\/div>\n\t\t<\/div>\n\t\t\t\t<div class=\"elementor-column elementor-col-66 elementor-inner-column elementor-element elementor-element-d133a99 block_txt\" data-id=\"d133a99\" data-element_type=\"column\" data-e-type=\"column\">\n\t\t\t<div class=\"elementor-widget-wrap elementor-element-populated\">\n\t\t\t\t\t\t<div class=\"elementor-element elementor-element-6c84c61 h3 elementor-widget elementor-widget-heading\" data-id=\"6c84c61\" data-element_type=\"widget\" data-e-type=\"widget\" data-widget_type=\"heading.default\">\n\t\t\t\t<div class=\"elementor-widget-container\">\n\t\t\t\t\t<h2 class=\"elementor-heading-title elementor-size-default\">Benoit VERNILLAT<\/h2>\t\t\t\t<\/div>\n\t\t\t\t<\/div>\n\t\t\t\t<div class=\"elementor-element elementor-element-606993b elementor-widget elementor-widget-text-editor\" data-id=\"606993b\" data-element_type=\"widget\" data-e-type=\"widget\" data-widget_type=\"text-editor.default\">\n\t\t\t\t<div class=\"elementor-widget-container\">\n\t\t\t\t\t\t\t\t\t<p><a href=\"https:\/\/www.fertival.fr\/produits\/fertiveg-5-5-2-terragral-evolution\/\"><b>Fertilisant naturel utilis\u00e9<\/b><strong>\u00a0:\u00a0<\/strong><b>Terragral Evolution (Fertiveg 5-5-2)<\/b><\/a><\/p>\n\t\t\t\t\t\t\t\t<\/div>\n\t\t\t\t<\/div>\n\t\t\t\t<div class=\"elementor-element elementor-element-a87fc14 elementor-widget elementor-widget-text-editor\" data-id=\"a87fc14\" data-element_type=\"widget\" data-e-type=\"widget\" data-widget_type=\"text-editor.default\">\n\t\t\t\t<div class=\"elementor-widget-container\">\n\t\t\t\t\t\t\t\t\t<blockquote>\n<p><span style=\"font-family: var(--font-text); font-size: 1rem;\">J\u2019utilise le Terragral Evolution sur mes<strong> cultures de Colza<\/strong> depuis 4 ans, en ao\u00fbt juste avant le semis. Cela permet \u00e0 la culture de profiter pleinement de la diffusion lente de l\u2019engrais organique \u00e0 l\u2019automne, sans observer de faim d\u2019azote.\u00a0<\/span><\/p>\n<p><span style=\"font-family: var(--font-text); font-size: 1rem;\">Le colza est <strong>vigoureux<\/strong> avec une <strong>belle croissance tout au long de l\u2019automne<\/strong>, ce qui assure un bon d\u00e9veloppement au printemps. Le collet du colza est robuste avec une belle surface foliaire et un syst\u00e8me racinaire qui se d\u00e9veloppe rapidement. C\u2019est int\u00e9ressant pour la r\u00e9sistance du colza vis-\u00e0-vis des ravageurs et des adventices. L\u2019utilisation de bouchons me permet d&#8217;\u00eatre ind\u00e9pendant,<strong> je peux r\u00e9aliser moi m\u00eame l\u2019\u00e9pandage<\/strong> avec mon \u00e9pandeur \u00e0 engrais et quand je le veux.\u00a0<\/span><\/p>\n<p><span style=\"font-family: var(--font-text); font-size: 1rem;\">La premi\u00e8re ann\u00e9e d\u2019utilisation du Terragral a \u00e9t\u00e9 un succ\u00e8s et depuis je continue avec ce produit. C\u2019est un <strong>produit de bonne qualit\u00e9, homog\u00e8ne et qui s\u2019\u00e9pand bien<\/strong>. Je suis satisfait d\u2019un point de vue global: de la livraison et des performances du Terragral Evolution.<\/span><\/p>\n<\/blockquote>\n\t\t\t\t\t\t\t\t<\/div>\n\t\t\t\t<\/div>\n\t\t\t\t<div class=\"elementor-element elementor-element-566c333 bouton jaune elementor-widget elementor-widget-button\" data-id=\"566c333\" data-element_type=\"widget\" data-e-type=\"widget\" data-widget_type=\"button.default\">\n\t\t\t\t<div class=\"elementor-widget-container\">\n\t\t\t\t\t\t\t\t\t<div class=\"elementor-button-wrapper\">\n\t\t\t\t\t<a class=\"elementor-button elementor-button-link elementor-size-sm\" href=\"https:\/\/www.fertival.fr\/produits\/fertiveg-5-5-2-terragral-evolution\/\">\n\t\t\t\t\t\t<span class=\"elementor-button-content-wrapper\">\n\t\t\t\t\t\t\t\t\t<span class=\"elementor-button-text\">Voir le produit<\/span>\n\t\t\t\t\t<\/span>\n\t\t\t\t\t<\/a>\n\t\t\t\t<\/div>\n\t\t\t\t\t\t\t\t<\/div>\n\t\t\t\t<\/div>\n\t\t\t\t\t<\/div>\n\t\t<\/div>\n\t\t\t\t\t<\/div>\n\t\t<\/section>\n\t\t\t\t\t<\/div>\n\t\t<\/div>\n\t\t\t\t\t<\/div>\n\t\t<\/section>\n\t\t\t\t<\/div>\n\t\t","protected":false},"excerpt":{"rendered":"<p>Domaine des Herbauges, M. J\u00e9r\u00f4me Choblet Fertilisant naturel utilis\u00e9\u00a0: Dynsol Depuis plus de 15 ans, on utilise des produits Fertival et nous n\u2019avons plus de probl\u00e9matiques de pourritures sur nos c\u00e9pages gr\u00e2ce \u00e0 la gestion [&hellip;]<\/p>\n","protected":false},"author":1,"featured_media":0,"parent":0,"menu_order":0,"comment_status":"closed","ping_status":"closed","template":"","meta":{"footnotes":""},"class_list":["post-2135","page","type-page","status-publish","hentry","wpbf-post"],"_links":{"self":[{"href":"https:\/\/www.fertival.fr\/en\/wp-json\/wp\/v2\/pages\/2135","targetHints":{"allow":["GET"]}}],"collection":[{"href":"https:\/\/www.fertival.fr\/en\/wp-json\/wp\/v2\/pages"}],"about":[{"href":"https:\/\/www.fertival.fr\/en\/wp-json\/wp\/v2\/types\/page"}],"author":[{"embeddable":true,"href":"https:\/\/www.fertival.fr\/en\/wp-json\/wp\/v2\/users\/1"}],"replies":[{"embeddable":true,"href":"https:\/\/www.fertival.fr\/en\/wp-json\/wp\/v2\/comments?post=2135"}],"version-history":[{"count":30,"href":"https:\/\/www.fertival.fr\/en\/wp-json\/wp\/v2\/pages\/2135\/revisions"}],"predecessor-version":[{"id":3780,"href":"https:\/\/www.fertival.fr\/en\/wp-json\/wp\/v2\/pages\/2135\/revisions\/3780"}],"wp:attachment":[{"href":"https:\/\/www.fertival.fr\/en\/wp-json\/wp\/v2\/media?parent=2135"}],"curies":[{"name":"wp","href":"https:\/\/api.w.org\/{rel}","templated":true}]}}